{"id":2083,"date":"2024-05-29T15:47:20","date_gmt":"2024-05-29T13:47:20","guid":{"rendered":"https:\/\/odisis.be\/?page_id=2083"},"modified":"2025-09-24T12:03:43","modified_gmt":"2025-09-24T10:03:43","slug":"psychotherapie","status":"publish","type":"page","link":"https:\/\/odisis.be\/?page_id=2083","title":{"rendered":"Psychoth\u00e9rapie"},"content":{"rendered":"\t\t<div data-elementor-type=\"wp-page\" data-elementor-id=\"2083\" class=\"elementor elementor-2083\">\n\t\t\t\t\t\t<section class=\"elementor-section elementor-top-section elementor-element elementor-element-0a326e1 elementor-section-boxed elementor-section-height-default elementor-section-height-default\" data-id=\"0a326e1\" data-element_type=\"section\" data-e-type=\"section\">\n\t\t\t\t\t\t<div class=\"elementor-container elementor-column-gap-default\">\n\t\t\t\t\t<div class=\"elementor-column elementor-col-50 elementor-top-column elementor-element elementor-element-986326d\" data-id=\"986326d\" data-element_type=\"column\" data-e-type=\"column\">\n\t\t\t<div class=\"elementor-widget-wrap elementor-element-populated\">\n\t\t\t\t\t\t<div class=\"elementor-element elementor-element-ae78834 elementor-widget elementor-widget-image\" data-id=\"ae78834\" data-element_type=\"widget\" data-e-type=\"widget\" data-widget_type=\"image.default\">\n\t\t\t\t<div class=\"elementor-widget-container\">\n\t\t\t\t\t\t\t\t\t\t\t\t\t\t\t<img fetchpriority=\"high\" decoding=\"async\" width=\"683\" height=\"1024\" src=\"https:\/\/odisis.be\/wp-content\/uploads\/2021\/03\/sky-921366_1920-683x1024.jpg\" class=\"attachment-large size-large wp-image-1031\" alt=\"\" srcset=\"https:\/\/odisis.be\/wp-content\/uploads\/2021\/03\/sky-921366_1920-683x1024.jpg 683w, https:\/\/odisis.be\/wp-content\/uploads\/2021\/03\/sky-921366_1920-200x300.jpg 200w, https:\/\/odisis.be\/wp-content\/uploads\/2021\/03\/sky-921366_1920-768x1152.jpg 768w, https:\/\/odisis.be\/wp-content\/uploads\/2021\/03\/sky-921366_1920-1024x1536.jpg 1024w, https:\/\/odisis.be\/wp-content\/uploads\/2021\/03\/sky-921366_1920.jpg 1280w\" sizes=\"(max-width: 683px) 100vw, 683px\" \/>\t\t\t\t\t\t\t\t\t\t\t\t\t\t\t<\/div>\n\t\t\t\t<\/div>\n\t\t\t\t<div class=\"elementor-element elementor-element-57c7678 elementor-widget elementor-widget-text-editor\" data-id=\"57c7678\" data-element_type=\"widget\" data-e-type=\"widget\" data-widget_type=\"text-editor.default\">\n\t\t\t\t<div class=\"elementor-widget-container\">\n\t\t\t\t\t\t\t\t\t<p>Th\u00e9rapie adulte individuelle autour des Difficult\u00e9s relationnelles et affectives (d\u00e9pendance affective, \u00e9puisement familial, deuil amoureux, deuil parental, familial,\u2026)<br \/>Traitement des Traumatismes li\u00e9s \u00e0 la sph\u00e8re sexuelle, familiale et conjugale.<\/p>\t\t\t\t\t\t\t\t<\/div>\n\t\t\t\t<\/div>\n\t\t\t\t<div class=\"elementor-element elementor-element-df45cc3 elementor-align-center elementor-widget elementor-widget-button\" data-id=\"df45cc3\" data-element_type=\"widget\" data-e-type=\"widget\" data-widget_type=\"button.default\">\n\t\t\t\t<div class=\"elementor-widget-container\">\n\t\t\t\t\t\t\t\t\t<div class=\"elementor-button-wrapper\">\n\t\t\t\t\t<a class=\"elementor-button elementor-button-link elementor-size-sm\" href=\"https:\/\/odisis.be\/?page_id=2128\">\n\t\t\t\t\t\t<span class=\"elementor-button-content-wrapper\">\n\t\t\t\t\t\t\t\t\t<span class=\"elementor-button-text\">Aur\u00e9lie Grimard<\/span>\n\t\t\t\t\t<\/span>\n\t\t\t\t\t<\/a>\n\t\t\t\t<\/div>\n\t\t\t\t\t\t\t\t<\/div>\n\t\t\t\t<\/div>\n\t\t\t\t\t<\/div>\n\t\t<\/div>\n\t\t\t\t<div class=\"elementor-column elementor-col-50 elementor-top-column elementor-element elementor-element-78b92c8\" data-id=\"78b92c8\" data-element_type=\"column\" data-e-type=\"column\">\n\t\t\t<div class=\"elementor-widget-wrap elementor-element-populated\">\n\t\t\t\t\t\t<div class=\"elementor-element elementor-element-183bd39 elementor-widget elementor-widget-text-editor\" data-id=\"183bd39\" data-element_type=\"widget\" data-e-type=\"widget\" data-widget_type=\"text-editor.default\">\n\t\t\t\t<div class=\"elementor-widget-container\">\n\t\t\t\t\t\t\t\t\t<div id=\"bgLayers_comp-li1f9q1k1\" class=\"MW5IWV\" data-hook=\"bgLayers\" data-motion-part=\"BG_LAYER\">\n<div id=\"bgMedia_comp-li1f9q1k1\" class=\"VgO9Yg\" data-motion-part=\"BG_MEDIA\"><strong>Les traumatismes &#8230; autour de la naissance<\/strong><\/div>\n<\/div>\n<div class=\"\" data-mesh-id=\"comp-li1f9q1k1inlineContent\" data-testid=\"inline-content\">\n<div data-mesh-id=\"comp-li1f9q1k1inlineContent-gridContainer\" data-testid=\"mesh-container-content\">\n<div id=\"comp-l0wdatbn\" class=\"jbrj02 comp-l0wdatbn\">\n<div class=\"\" data-mesh-id=\"comp-l0wdatbninlineContent\" data-testid=\"inline-content\">\n<div data-mesh-id=\"comp-l0wdatbninlineContent-gridContainer\" data-testid=\"mesh-container-content\">\n<div data-mesh-id=\"comp-l0wdatbninlineContent-wedge-3\">\u00a0<\/div>\n<\/div>\n<\/div>\n<\/div>\n<div id=\"comp-ksrk6eug2\" class=\"HcOXKn c9GqVL QxJLC3 comp-ksrk6eug2 wixui-rich-text\" data-testid=\"richTextElement\">\n<p class=\"font_8 wixui-rich-text__text\"><span class=\"color_14 wixui-rich-text__text\"><span class=\"wixui-rich-text__text\">Vous avez subi\u00a0une agression, avez \u00e9t\u00e9 victime d&rsquo;un accident ou d&rsquo;un incendie,\u00a0avez vu ou v\u00e9cu\u00a0un \u00e9pisode atroce qui vous reste encore en m\u00e9moire ? Vous en faites des cauchemars, revivez la sc\u00e8ne sous forme de flashbacks, \u00eates devenu hypervigilant, avez des sautes d&rsquo;humeur&#8230; et vivez d&rsquo;autres sympt\u00f4mes incapacitants&#8230;? Vous souffrez certainement d&rsquo;un \u00e9tat de stress post-traumatiques, que cet \u00e9v\u00e9nement ait eu lieu r\u00e9cemment ou non.<\/span><\/span><\/p>\n<p class=\"font_8 wixui-rich-text__text\"><span class=\"color_14 wixui-rich-text__text\"><span class=\"wixui-rich-text__text\">Il est possible de sortir de cet \u00e9tat en quelques s\u00e9ances seulement avec des techniques sp\u00e9cifiquement adapt\u00e9es. L&rsquo;objectif d&rsquo;une th\u00e9rapie centr\u00e9e sur ce type de probl\u00e8me est, non pas d&rsquo;oublier ce qui s&rsquo;est pass\u00e9 (ce qui est r\u00e9solument impossible), mais bien de pouvoir y penser diff\u00e9remment, sans en souffrir et sans que votre corps ne soit r\u00e9activ\u00e9 automatiquement et inconsciemment par des \u00e9l\u00e9ments ext\u00e9rieurs lui rappelant cette horreur.<\/span><\/span><\/p>\n<p class=\"font_8 wixui-rich-text__text\"><span class=\"color_14 wixui-rich-text__text\"><span class=\"wixui-rich-text__text\">Vous avez v\u00e9cu des\u00a0\u00e9pisodes tr\u00e8s douloureux et violents dans votre enfance ou votre adolescence\u00a0(qu&rsquo;il s&rsquo;agisse de violence\u00a0psychologique, corporelle ou sexuelle) ou d&rsquo;autres\u00a0faits qui se sont r\u00e9p\u00e9t\u00e9s\u00a0dans un contexte d&#8217;emprise? Vous sentez que quelque chose \u00ab\u00a0ne tourne pas rond\u00a0\u00bb, que vous \u00eates comme\u00a0\u00ab\u00a0hant\u00e9\u00a0\u00bb par votre pass\u00e9, bien malgr\u00e9 vous et parfois malgr\u00e9 de nombreux outils que vous avez essay\u00e9 pour vous en sortir? Vous avez des comportements (agressifs, de punition, de victimisation&#8230;), des pens\u00e9es (\u00ab\u00a0je ne vaux rien\u00a0\u00bb, \u00ab\u00a0je ne suis pas aimable\u00a0\u00bb, \u00ab\u00a0le monde et les hommes sont dangereux\u00a0\u00bb&#8230;), des \u00e9motions (une rage incontr\u00f4lable, une profonde tristesse, de la culpabilit\u00e9, de la honte&#8230;) qui vous d\u00e9passent ? Vous avez parfois l&rsquo;impression d&rsquo;agir \u00ab\u00a0comme si vous n&rsquo;\u00e9tiez pas vous-m\u00eame, sans \u00eatre en relation avec le monde\u00a0\u00bb, ou que \u00ab\u00a0des parties de votre corps sont sales ou ne vous appartiennent pas\u00a0\u00bb ? Vous souffrez certainement d&rsquo;un type de traumatisme appel\u00e9 \u00ab\u00a0complexe\u00a0\u00bb, dans lequel on retrouve beaucoup de comportements et d&rsquo;attitudes r\u00e9flexes, issues d&rsquo;un apprentissage pass\u00e9 devenu non fonctionnel aujourd&rsquo;hui.\u00a0<\/span><\/span><\/p>\n<p class=\"font_8 wixui-rich-text__text\"><span class=\"color_14 wixui-rich-text__text\"><span class=\"wixui-rich-text__text\">Ce type de probl\u00e9matique peut se r\u00e9soudre. Une th\u00e9rapie individuelle est souvent pr\u00e9conis\u00e9e.<\/span><\/span><\/p>\n<p class=\"font_8 wixui-rich-text__text\"><span class=\"color_14 wixui-rich-text__text\"><span class=\"wixui-rich-text__text\">Le d\u00e9lai de gu\u00e9rison est variable selon la violence v\u00e9cue, les implications dans la vie quotidienne, le patient qui en souffre et l&rsquo;implication en th\u00e9rapie. Le changement est n\u00e9anmoins possible, vraiment possible !<\/span><\/span><\/p>\n<p class=\"font_8 wixui-rich-text__text\"><span class=\"color_14 wixui-rich-text__text\"><span class=\"wixui-rich-text__text\">Les meilleurs conditions pour y arriver\u00a0sont d&rsquo;\u00eatre motiv\u00e9.e \u00e0 changer, d&rsquo;\u00eatre curieu.x.se de son propre fonctionnement, de s&rsquo;impliquer dans un travail actif en \u00e9quipe, d&rsquo;exp\u00e9rimenter de nouvelles propositions, et de\u00a0souhaiter une plus grande autonomie pour aller vers cette nouvelle libert\u00e9.<\/span><\/span><\/p>\n<\/div>\n<\/div>\n<\/div>\t\t\t\t\t\t\t\t<\/div>\n\t\t\t\t<\/div>\n\t\t\t\t\t<\/div>\n\t\t<\/div>\n\t\t\t\t\t<\/div>\n\t\t<\/section>\n\t\t\t\t<section class=\"elementor-section elementor-top-section elementor-element elementor-element-8caac2e elementor-section-boxed elementor-section-height-default elementor-section-height-default\" data-id=\"8caac2e\" data-element_type=\"section\" data-e-type=\"section\">\n\t\t\t\t\t\t<div class=\"elementor-container elementor-column-gap-default\">\n\t\t\t\t\t<div class=\"elementor-column elementor-col-50 elementor-top-column elementor-element elementor-element-efb2c3b\" data-id=\"efb2c3b\" data-element_type=\"column\" data-e-type=\"column\">\n\t\t\t<div class=\"elementor-widget-wrap\">\n\t\t\t\t\t\t\t<\/div>\n\t\t<\/div>\n\t\t\t\t<div class=\"elementor-column elementor-col-50 elementor-top-column elementor-element elementor-element-db8ddd3\" data-id=\"db8ddd3\" data-element_type=\"column\" data-e-type=\"column\">\n\t\t\t<div class=\"elementor-widget-wrap elementor-element-populated\">\n\t\t\t\t\t\t<div class=\"elementor-element elementor-element-7abf0e9 elementor-align-center elementor-widget elementor-widget-button\" data-id=\"7abf0e9\" data-element_type=\"widget\" data-e-type=\"widget\" data-widget_type=\"button.default\">\n\t\t\t\t<div class=\"elementor-widget-container\">\n\t\t\t\t\t\t\t\t\t<div class=\"elementor-button-wrapper\">\n\t\t\t\t\t<a class=\"elementor-button elementor-button-link elementor-size-sm\" href=\"https:\/\/odisis.be\/?page_id=2026\">\n\t\t\t\t\t\t<span class=\"elementor-button-content-wrapper\">\n\t\t\t\t\t\t\t\t\t<span class=\"elementor-button-text\">Am\u00e9lie Simon<\/span>\n\t\t\t\t\t<\/span>\n\t\t\t\t\t<\/a>\n\t\t\t\t<\/div>\n\t\t\t\t\t\t\t\t<\/div>\n\t\t\t\t<\/div>\n\t\t\t\t\t<\/div>\n\t\t<\/div>\n\t\t\t\t\t<\/div>\n\t\t<\/section>\n\t\t\t\t<\/div>\n\t\t","protected":false},"excerpt":{"rendered":"<p>Th\u00e9rapie adulte individuelle autour des Difficult\u00e9s relationnelles et affectives (d\u00e9pendance affective, \u00e9puisement familial, deuil amoureux, deuil parental, familial,\u2026)Traitement des Traumatismes li\u00e9s \u00e0 la sph\u00e8re sexuelle, familiale et conjugale. Aur\u00e9lie Grimard Les traumatismes &#8230; autour de la naissance \u00a0 Vous avez subi\u00a0une agression, avez \u00e9t\u00e9 victime d&rsquo;un accident ou d&rsquo;un incendie,\u00a0avez vu ou v\u00e9cu\u00a0un \u00e9pisode atroce [&hellip;]<\/p>\n","protected":false},"author":2,"featured_media":0,"parent":0,"menu_order":0,"comment_status":"closed","ping_status":"closed","template":"","meta":{"ocean_post_layout":"","ocean_both_sidebars_style":"","ocean_both_sidebars_content_width":0,"ocean_both_sidebars_sidebars_width":0,"ocean_sidebar":"","ocean_second_sidebar":"","ocean_disable_margins":"enable","ocean_add_body_class":"","ocean_shortcode_before_top_bar":"","ocean_shortcode_after_top_bar":"","ocean_shortcode_before_header":"","ocean_shortcode_after_header":"","ocean_has_shortcode":"","ocean_shortcode_after_title":"","ocean_shortcode_before_footer_widgets":"","ocean_shortcode_after_footer_widgets":"","ocean_shortcode_before_footer_bottom":"","ocean_shortcode_after_footer_bottom":"","ocean_display_top_bar":"default","ocean_display_header":"default","ocean_header_style":"","ocean_center_header_left_menu":"","ocean_custom_header_template":"","ocean_custom_logo":0,"ocean_custom_retina_logo":0,"ocean_custom_logo_max_width":0,"ocean_custom_logo_tablet_max_width":0,"ocean_custom_logo_mobile_max_width":0,"ocean_custom_logo_max_height":0,"ocean_custom_logo_tablet_max_height":0,"ocean_custom_logo_mobile_max_height":0,"ocean_header_custom_menu":"","ocean_menu_typo_font_family":"","ocean_menu_typo_font_subset":"","ocean_menu_typo_font_size":0,"ocean_menu_typo_font_size_tablet":0,"ocean_menu_typo_font_size_mobile":0,"ocean_menu_typo_font_size_unit":"px","ocean_menu_typo_font_weight":"","ocean_menu_typo_font_weight_tablet":"","ocean_menu_typo_font_weight_mobile":"","ocean_menu_typo_transform":"","ocean_menu_typo_transform_tablet":"","ocean_menu_typo_transform_mobile":"","ocean_menu_typo_line_height":0,"ocean_menu_typo_line_height_tablet":0,"ocean_menu_typo_line_height_mobile":0,"ocean_menu_typo_line_height_unit":"","ocean_menu_typo_spacing":0,"ocean_menu_typo_spacing_tablet":0,"ocean_menu_typo_spacing_mobile":0,"ocean_menu_typo_spacing_unit":"","ocean_menu_link_color":"","ocean_menu_link_color_hover":"","ocean_menu_link_color_active":"","ocean_menu_link_background":"","ocean_menu_link_hover_background":"","ocean_menu_link_active_background":"","ocean_menu_social_links_bg":"","ocean_menu_social_hover_links_bg":"","ocean_menu_social_links_color":"","ocean_menu_social_hover_links_color":"","ocean_disable_title":"default","ocean_disable_heading":"default","ocean_post_title":"","ocean_post_subheading":"","ocean_post_title_style":"","ocean_post_title_background_color":"","ocean_post_title_background":0,"ocean_post_title_bg_image_position":"","ocean_post_title_bg_image_attachment":"","ocean_post_title_bg_image_repeat":"","ocean_post_title_bg_image_size":"","ocean_post_title_height":0,"ocean_post_title_bg_overlay":0.5,"ocean_post_title_bg_overlay_color":"","ocean_disable_breadcrumbs":"default","ocean_breadcrumbs_color":"","ocean_breadcrumbs_separator_color":"","ocean_breadcrumbs_links_color":"","ocean_breadcrumbs_links_hover_color":"","ocean_display_footer_widgets":"default","ocean_display_footer_bottom":"default","ocean_custom_footer_template":"","_themeisle_gutenberg_block_has_review":false,"footnotes":""},"class_list":["post-2083","page","type-page","status-publish","hentry","entry"],"_links":{"self":[{"href":"https:\/\/odisis.be\/index.php?rest_route=\/wp\/v2\/pages\/2083","targetHints":{"allow":["GET"]}}],"collection":[{"href":"https:\/\/odisis.be\/index.php?rest_route=\/wp\/v2\/pages"}],"about":[{"href":"https:\/\/odisis.be\/index.php?rest_route=\/wp\/v2\/types\/page"}],"author":[{"embeddable":true,"href":"https:\/\/odisis.be\/index.php?rest_route=\/wp\/v2\/users\/2"}],"replies":[{"embeddable":true,"href":"https:\/\/odisis.be\/index.php?rest_route=%2Fwp%2Fv2%2Fcomments&post=2083"}],"version-history":[{"count":16,"href":"https:\/\/odisis.be\/index.php?rest_route=\/wp\/v2\/pages\/2083\/revisions"}],"predecessor-version":[{"id":2284,"href":"https:\/\/odisis.be\/index.php?rest_route=\/wp\/v2\/pages\/2083\/revisions\/2284"}],"wp:attachment":[{"href":"https:\/\/odisis.be\/index.php?rest_route=%2Fwp%2Fv2%2Fmedia&parent=2083"}],"curies":[{"name":"wp","href":"https:\/\/api.w.org\/{rel}","templated":true}]}}