{"id":517,"date":"2021-01-24T23:06:50","date_gmt":"2021-01-24T22:06:50","guid":{"rendered":"https:\/\/odisis.be\/?page_id=517"},"modified":"2025-10-20T14:43:57","modified_gmt":"2025-10-20T12:43:57","slug":"haptonomie-2","status":"publish","type":"page","link":"https:\/\/odisis.be\/?page_id=517","title":{"rendered":"Bien-\u00eatre p\u00e9rinatal"},"content":{"rendered":"\t\t<div data-elementor-type=\"wp-page\" data-elementor-id=\"517\" class=\"elementor elementor-517\">\n\t\t\t\t\t\t<section class=\"elementor-section elementor-top-section elementor-element elementor-element-b1c33fb elementor-section-boxed elementor-section-height-default elementor-section-height-default\" data-id=\"b1c33fb\" data-element_type=\"section\" data-e-type=\"section\">\n\t\t\t\t\t\t<div class=\"elementor-container elementor-column-gap-default\">\n\t\t\t\t\t<div class=\"elementor-column elementor-col-33 elementor-top-column elementor-element elementor-element-d9cc432\" data-id=\"d9cc432\" data-element_type=\"column\" data-e-type=\"column\">\n\t\t\t<div class=\"elementor-widget-wrap elementor-element-populated\">\n\t\t\t\t\t\t<div class=\"elementor-element elementor-element-630eeb3 elementor-widget elementor-widget-text-editor\" data-id=\"630eeb3\" data-element_type=\"widget\" data-e-type=\"widget\" data-widget_type=\"text-editor.default\">\n\t\t\t\t<div class=\"elementor-widget-container\">\n\t\t\t\t\t\t\t\t\t<p><em><strong>Haptonomie<\/strong><\/em><\/p><p>La pr\u00e9paration affective \u00e0 la naissance est une m\u00e9thode de pr\u00e9paration \u00e0 l\u2019accouchement issue de l\u2019haptonomie (\u00e9cole belge de l\u2019haptonomie). Elle propose un accompagnement de b\u00e9b\u00e9 et ses parents d\u00e8s le d\u00e9but du 2\u00e8me trimestre de la grossesse. Elle est bas\u00e9e sur la relation entre les trois acteurs (papa, maman et b\u00e9b\u00e9) et favorise le lien entre ceux-ci d\u00e8s la grossesse. La place du papa est essentielle et en fait la force de cette approche.<\/p><p>La pr\u00e9paration affective \u00e0 la naissance vise 2 volets essentiels:<\/p><ul><li>Les jeux de contact avec le b\u00e9b\u00e9, qui vont renforcer le lien d\u2019attachement, s\u00e9curiser le b\u00e9b\u00e9 et donc lui permettre de s\u2019autonomiser plus facilement.<\/li><li>La pr\u00e9paration \u00e0 l\u2019accouchement, qui va permettre au couple d\u2019avoir recours \u00e0 ses ressources, au papa de trouver sa place et \u00e0 la maman d\u2019\u00eatre \u00e9cout\u00e9e et orient\u00e9e comme elle le souhaite. Des rep\u00e8res seront aussi donn\u00e9s sur l\u2019apr\u00e8s-naissance, pour un accompagnement plus serein du b\u00e9b\u00e9.<\/li><\/ul><p><span style=\"font-family: Montserrat; font-size: 14px; font-style: normal; font-variant-ligatures: normal; font-variant-caps: normal; font-weight: 400;\">Les s\u00e9ances sont propos\u00e9es d\u00e8s 16-18 SA et leur nombre variera en fonction des besoins et des envies du couple (7 s\u00e9ances pour un accompagnement global). Il n\u2019y a aucune r\u00e8gle par rapport \u00e0 cela, l\u2019approche propos\u00e9e s\u2019adapte parfaitement au couple et pourra \u00eatre envisag\u00e9e \u201c\u00e0 la carte\u201d!<\/span><\/p>\t\t\t\t\t\t\t\t<\/div>\n\t\t\t\t<\/div>\n\t\t\t\t<div class=\"elementor-element elementor-element-8602180 elementor-align-center elementor-widget elementor-widget-button\" data-id=\"8602180\" data-element_type=\"widget\" data-e-type=\"widget\" data-widget_type=\"button.default\">\n\t\t\t\t<div class=\"elementor-widget-container\">\n\t\t\t\t\t\t\t\t\t<div class=\"elementor-button-wrapper\">\n\t\t\t\t\t<a class=\"elementor-button elementor-button-link elementor-size-sm\" href=\"https:\/\/odisis.be\/?page_id=857\">\n\t\t\t\t\t\t<span class=\"elementor-button-content-wrapper\">\n\t\t\t\t\t\t\t\t\t<span class=\"elementor-button-text\">Virginie R\u00e9my<\/span>\n\t\t\t\t\t<\/span>\n\t\t\t\t\t<\/a>\n\t\t\t\t<\/div>\n\t\t\t\t\t\t\t\t<\/div>\n\t\t\t\t<\/div>\n\t\t\t\t<div class=\"elementor-element elementor-element-b868f98 elementor-widget-divider--view-line elementor-widget elementor-widget-divider\" data-id=\"b868f98\" data-element_type=\"widget\" data-e-type=\"widget\" data-widget_type=\"divider.default\">\n\t\t\t\t<div class=\"elementor-widget-container\">\n\t\t\t\t\t\t\t<div class=\"elementor-divider\">\n\t\t\t<span class=\"elementor-divider-separator\">\n\t\t\t\t\t\t<\/span>\n\t\t<\/div>\n\t\t\t\t\t\t<\/div>\n\t\t\t\t<\/div>\n\t\t\t\t<div class=\"elementor-element elementor-element-a6409f9 elementor-widget elementor-widget-text-editor\" data-id=\"a6409f9\" data-element_type=\"widget\" data-e-type=\"widget\" data-widget_type=\"text-editor.default\">\n\t\t\t\t<div class=\"elementor-widget-container\">\n\t\t\t\t\t\t\t\t\t<p><em><strong>Acupuncture<\/strong><\/em><\/p><p>C&rsquo;est une pratique issue de la m\u00e9decine traditionnelle chinoise qui utilise de fines aiguilles plac\u00e9es sur des points pr\u00e9cis du corps pour r\u00e9tablir l&rsquo;\u00e9quilibre des \u00e9nergies.<\/p><p>Pendant la grossesse, elle peut apporter un soutien naturel et compl\u00e9mentaire :\u00a0<\/p><ul><li>soulager les naus\u00e9es et vomissements<\/li><li>favoriser la d\u00e9tente et am\u00e9liorer le sommeil<\/li><li>stimuler le retournement d&rsquo;un b\u00e9b\u00e9 en si\u00e8ge (vers la 32\u00e8me semaine)<\/li><li>accompagner le corps lors d&rsquo;un parcours PMA<\/li><li>aider \u00e0 se pr\u00e9parer \u00e0 l&rsquo;accouchement<\/li><\/ul>\t\t\t\t\t\t\t\t<\/div>\n\t\t\t\t<\/div>\n\t\t\t\t<div class=\"elementor-element elementor-element-e7190bc elementor-align-center elementor-widget elementor-widget-button\" data-id=\"e7190bc\" data-element_type=\"widget\" data-e-type=\"widget\" data-widget_type=\"button.default\">\n\t\t\t\t<div class=\"elementor-widget-container\">\n\t\t\t\t\t\t\t\t\t<div class=\"elementor-button-wrapper\">\n\t\t\t\t\t<a class=\"elementor-button elementor-button-link elementor-size-sm\" href=\"https:\/\/odisis.be\/?page_id=1944\">\n\t\t\t\t\t\t<span class=\"elementor-button-content-wrapper\">\n\t\t\t\t\t\t\t\t\t<span class=\"elementor-button-text\">Emilie Sinzot<\/span>\n\t\t\t\t\t<\/span>\n\t\t\t\t\t<\/a>\n\t\t\t\t<\/div>\n\t\t\t\t\t\t\t\t<\/div>\n\t\t\t\t<\/div>\n\t\t\t\t<div class=\"elementor-element elementor-element-a548d4d elementor-widget-divider--view-line elementor-widget elementor-widget-divider\" data-id=\"a548d4d\" data-element_type=\"widget\" data-e-type=\"widget\" data-widget_type=\"divider.default\">\n\t\t\t\t<div class=\"elementor-widget-container\">\n\t\t\t\t\t\t\t<div class=\"elementor-divider\">\n\t\t\t<span class=\"elementor-divider-separator\">\n\t\t\t\t\t\t<\/span>\n\t\t<\/div>\n\t\t\t\t\t\t<\/div>\n\t\t\t\t<\/div>\n\t\t\t\t\t<\/div>\n\t\t<\/div>\n\t\t\t\t<div class=\"elementor-column elementor-col-33 elementor-top-column elementor-element elementor-element-ff59059\" data-id=\"ff59059\" data-element_type=\"column\" data-e-type=\"column\">\n\t\t\t<div class=\"elementor-widget-wrap elementor-element-populated\">\n\t\t\t\t\t\t<div class=\"elementor-element elementor-element-468afec elementor-widget elementor-widget-image\" data-id=\"468afec\" data-element_type=\"widget\" data-e-type=\"widget\" data-widget_type=\"image.default\">\n\t\t\t\t<div class=\"elementor-widget-container\">\n\t\t\t\t\t\t\t\t\t\t\t\t\t\t\t<img decoding=\"async\" src=\"https:\/\/odisis.be\/wp-content\/uploads\/elementor\/thumbs\/pexels-jonathan-borba-4513731-scaled-p2nvoi2ruv8u1j6rpuc40x0q2zrrzibuiv6zo9gi2w.jpg\" title=\"pexels-jonathan-borba-4513731\" alt=\"pexels-jonathan-borba-4513731\" loading=\"lazy\" \/>\t\t\t\t\t\t\t\t\t\t\t\t\t\t\t<\/div>\n\t\t\t\t<\/div>\n\t\t\t\t<div class=\"elementor-element elementor-element-a3c1821 elementor-widget elementor-widget-image\" data-id=\"a3c1821\" data-element_type=\"widget\" data-e-type=\"widget\" data-widget_type=\"image.default\">\n\t\t\t\t<div class=\"elementor-widget-container\">\n\t\t\t\t\t\t\t\t\t\t\t\t\t\t\t<img decoding=\"async\" src=\"https:\/\/odisis.be\/wp-content\/uploads\/elementor\/thumbs\/pexels-freestocks-396133-scaled-rc7yd5siswdfogn9rii6debsugnjwdmdfw5xsxoj9k.jpg\" title=\"pexels-freestocks-396133\" alt=\"pexels-freestocks-396133\" loading=\"lazy\" \/>\t\t\t\t\t\t\t\t\t\t\t\t\t\t\t<\/div>\n\t\t\t\t<\/div>\n\t\t\t\t<div class=\"elementor-element elementor-element-ba0bce5 elementor-widget elementor-widget-image\" data-id=\"ba0bce5\" data-element_type=\"widget\" data-e-type=\"widget\" data-widget_type=\"image.default\">\n\t\t\t\t<div class=\"elementor-widget-container\">\n\t\t\t\t\t\t\t\t\t\t\t\t\t\t\t<img decoding=\"async\" src=\"https:\/\/odisis.be\/wp-content\/uploads\/elementor\/thumbs\/pexels-shkrabaanthony-6076122-scaled-rc7z2bwxt6tukk32se6j51o5hwle0ljm8h20fod0nc.jpg\" title=\"pexels-shkrabaanthony-6076122\" alt=\"pexels-shkrabaanthony-6076122\" loading=\"lazy\" \/>\t\t\t\t\t\t\t\t\t\t\t\t\t\t\t<\/div>\n\t\t\t\t<\/div>\n\t\t\t\t<div class=\"elementor-element elementor-element-e1764ea elementor-widget elementor-widget-image\" data-id=\"e1764ea\" data-element_type=\"widget\" data-e-type=\"widget\" data-widget_type=\"image.default\">\n\t\t\t\t<div class=\"elementor-widget-container\">\n\t\t\t\t\t\t\t\t\t\t\t\t\t\t\t<img decoding=\"async\" src=\"https:\/\/odisis.be\/wp-content\/uploads\/elementor\/thumbs\/massage-relaxant-de-l-abdomen-scaled-rc809dwsuzrodjjmdi6buoj92adnlhgztktosyitmw.jpg\" title=\"massage-relaxant-de-l-abdomen\" alt=\"massage-relaxant-de-l-abdomen\" loading=\"lazy\" \/>\t\t\t\t\t\t\t\t\t\t\t\t\t\t\t<\/div>\n\t\t\t\t<\/div>\n\t\t\t\t\t<\/div>\n\t\t<\/div>\n\t\t\t\t<div class=\"elementor-column elementor-col-33 elementor-top-column elementor-element elementor-element-97579d8\" data-id=\"97579d8\" data-element_type=\"column\" data-e-type=\"column\">\n\t\t\t<div class=\"elementor-widget-wrap elementor-element-populated\">\n\t\t\t\t\t\t<div class=\"elementor-element elementor-element-4d048c3 elementor-widget elementor-widget-text-editor\" data-id=\"4d048c3\" data-element_type=\"widget\" data-e-type=\"widget\" data-widget_type=\"text-editor.default\">\n\t\t\t\t<div class=\"elementor-widget-container\">\n\t\t\t\t\t\t\t\t\t<p><em><strong>Yoga<\/strong><\/em><\/p><p>Chaque naissance est un moment unique, fort en \u00e9motion et presque inexplicable. Le besoin d\u2019ancrage, de confiance en soi, de connaissance de son corps est plus qu\u2019important. Et le yoga, la m\u00e9ditation et le travail sur la respiration sont des \u00e9l\u00e9ments cl\u00e9s pour y parvenir. Chaque s\u00e9ance est ax\u00e9e sur ces trois \u00e9l\u00e9ments, ainsi que sur les chakras ou encore les \u00e9motions bloqu\u00e9es. Le but \u00e9tant de le faire dans une grande douceur, avec beaucoup de bienveillance et d\u2019\u00e9coute de votre corps et de vos limites. Les cours sont ouverts \u00e0 tous les niveaux !<\/p>\t\t\t\t\t\t\t\t<\/div>\n\t\t\t\t<\/div>\n\t\t\t\t<div class=\"elementor-element elementor-element-a79ab5a elementor-align-center elementor-widget elementor-widget-button\" data-id=\"a79ab5a\" data-element_type=\"widget\" data-e-type=\"widget\" data-widget_type=\"button.default\">\n\t\t\t\t<div class=\"elementor-widget-container\">\n\t\t\t\t\t\t\t\t\t<div class=\"elementor-button-wrapper\">\n\t\t\t\t\t<a class=\"elementor-button elementor-button-link elementor-size-sm\" href=\"https:\/\/odisis.be\/?page_id=853\">\n\t\t\t\t\t\t<span class=\"elementor-button-content-wrapper\">\n\t\t\t\t\t\t\t\t\t<span class=\"elementor-button-text\">Camille Rodrique<\/span>\n\t\t\t\t\t<\/span>\n\t\t\t\t\t<\/a>\n\t\t\t\t<\/div>\n\t\t\t\t\t\t\t\t<\/div>\n\t\t\t\t<\/div>\n\t\t\t\t<div class=\"elementor-element elementor-element-91166bb elementor-widget-divider--view-line elementor-widget elementor-widget-divider\" data-id=\"91166bb\" data-element_type=\"widget\" data-e-type=\"widget\" data-widget_type=\"divider.default\">\n\t\t\t\t<div class=\"elementor-widget-container\">\n\t\t\t\t\t\t\t<div class=\"elementor-divider\">\n\t\t\t<span class=\"elementor-divider-separator\">\n\t\t\t\t\t\t<\/span>\n\t\t<\/div>\n\t\t\t\t\t\t<\/div>\n\t\t\t\t<\/div>\n\t\t\t\t<div class=\"elementor-element elementor-element-96c97cc elementor-widget elementor-widget-text-editor\" data-id=\"96c97cc\" data-element_type=\"widget\" data-e-type=\"widget\" data-widget_type=\"text-editor.default\">\n\t\t\t\t<div class=\"elementor-widget-container\">\n\t\t\t\t\t\t\t\t\t<p><b><i>Pilates<\/i><\/b><\/p><p>Le Pilates est une discipline qui a pour objectif de renforcer le corps dans sa globalit\u00e9 de mani\u00e8re douce et profonde, tout en lui apportant l\u00e9g\u00e8ret\u00e9 et fluidit\u00e9. Cette technique se base sur diff\u00e9rents piliers essentiels au maintien d\u2019une bonne posture, d&rsquo;effets qui durent dans le temps et permettant la protection du dos et du p\u00e9rin\u00e9e. Parmi ces piliers on peut retrouver la respiration, le centrage, la concentration.<\/p><p>En pr\u00e9natal, le Pilates permet de travailler la mobilit\u00e9 du bassin, l\u2019ouverture des hanches, la respiration. Ces s\u00e9ances ont pour objectif de diminuer les \u00e9ventuelles douleurs li\u00e9es \u00e0 la grossesse, mais aussi \u00e0 pr\u00e9parer le corps pour l\u2019accouchement, ainsi que placer certaines bases qui seront tr\u00e8s utiles pour \u00e9viter d\u2019\u00e9ventuels maux li\u00e9s au post-partum et favoriser une meilleure r\u00e9cup\u00e9ration post-natale.<\/p><p>En post-partum, le Pilates est une suite logique apr\u00e8s la r\u00e9\u00e9ducation du p\u00e9rin\u00e9e. Cela permet de maintenir et renforcer les acquis de la r\u00e9\u00e9ducation du p\u00e9rin\u00e9e, retrouver de meilleures sensations corporelles, am\u00e9liorer le sch\u00e9ma corporel perturb\u00e9 par la grossesse mais aussi et surtout de reprendre une activit\u00e9 sportive en douceur avant d\u2019envisager un sport \u00e0 plus gros impact pour le corps.<\/p>\t\t\t\t\t\t\t\t<\/div>\n\t\t\t\t<\/div>\n\t\t\t\t<div class=\"elementor-element elementor-element-85d2042 elementor-align-center elementor-widget elementor-widget-button\" data-id=\"85d2042\" data-element_type=\"widget\" data-e-type=\"widget\" data-widget_type=\"button.default\">\n\t\t\t\t<div class=\"elementor-widget-container\">\n\t\t\t\t\t\t\t\t\t<div class=\"elementor-button-wrapper\">\n\t\t\t\t\t<a class=\"elementor-button elementor-button-link elementor-size-sm\" href=\"https:\/\/odisis.be\/?page_id=2314\">\n\t\t\t\t\t\t<span class=\"elementor-button-content-wrapper\">\n\t\t\t\t\t\t\t\t\t<span class=\"elementor-button-text\">Lindsay Ashcroft<\/span>\n\t\t\t\t\t<\/span>\n\t\t\t\t\t<\/a>\n\t\t\t\t<\/div>\n\t\t\t\t\t\t\t\t<\/div>\n\t\t\t\t<\/div>\n\t\t\t\t<div class=\"elementor-element elementor-element-513c5c1 elementor-widget-divider--view-line elementor-widget elementor-widget-divider\" data-id=\"513c5c1\" data-element_type=\"widget\" data-e-type=\"widget\" data-widget_type=\"divider.default\">\n\t\t\t\t<div class=\"elementor-widget-container\">\n\t\t\t\t\t\t\t<div class=\"elementor-divider\">\n\t\t\t<span class=\"elementor-divider-separator\">\n\t\t\t\t\t\t<\/span>\n\t\t<\/div>\n\t\t\t\t\t\t<\/div>\n\t\t\t\t<\/div>\n\t\t\t\t\t<\/div>\n\t\t<\/div>\n\t\t\t\t\t<\/div>\n\t\t<\/section>\n\t\t\t\t<section class=\"elementor-section elementor-top-section elementor-element elementor-element-60952c5 elementor-section-boxed elementor-section-height-default elementor-section-height-default\" data-id=\"60952c5\" data-element_type=\"section\" data-e-type=\"section\">\n\t\t\t\t\t\t<div class=\"elementor-container elementor-column-gap-default\">\n\t\t\t\t\t<div class=\"elementor-column elementor-col-100 elementor-top-column elementor-element elementor-element-bf35722\" data-id=\"bf35722\" data-element_type=\"column\" data-e-type=\"column\">\n\t\t\t<div class=\"elementor-widget-wrap\">\n\t\t\t\t\t\t\t<\/div>\n\t\t<\/div>\n\t\t\t\t\t<\/div>\n\t\t<\/section>\n\t\t\t\t<section class=\"elementor-section elementor-top-section elementor-element elementor-element-3011e43 elementor-section-boxed elementor-section-height-default elementor-section-height-default\" data-id=\"3011e43\" data-element_type=\"section\" data-e-type=\"section\">\n\t\t\t\t\t\t<div class=\"elementor-container elementor-column-gap-default\">\n\t\t\t\t\t<div class=\"elementor-column elementor-col-100 elementor-top-column elementor-element elementor-element-09faf7d\" data-id=\"09faf7d\" data-element_type=\"column\" data-e-type=\"column\">\n\t\t\t<div class=\"elementor-widget-wrap elementor-element-populated\">\n\t\t\t\t\t\t<div class=\"elementor-element elementor-element-8b3177a elementor-widget elementor-widget-text-editor\" data-id=\"8b3177a\" data-element_type=\"widget\" data-e-type=\"widget\" data-widget_type=\"text-editor.default\">\n\t\t\t\t<div class=\"elementor-widget-container\">\n\t\t\t\t\t\t\t\t\t<p><em><strong>Shiatsu<\/strong><\/em><\/p><ul><li><span style=\"font-family: 'Arial',sans-serif;\">Le Shiatsu\u2026 c\u2019est quoi ?<\/span><\/li><\/ul><p><span style=\"font-size: 10.5pt; font-family: 'Arial',sans-serif;\">Le Shiatsu est une pratique manuelle, \u00e9nerg\u00e9tique, d\u00e9velopp\u00e9e au Japon dans le terreau de la m\u00e9decine traditionnelle chinoise. Le terme \u00ab shiatsu \u00bb signifie litt\u00e9ralement \u00ab Pression avec les pouces \u00bb.<br \/>Par un toucher \u00e0 la fois doux et intense, je vous propose une d\u00e9tente profonde et une reconnexion \u00e0 vous-m\u00eame.<br \/>Le Shiatsu r\u00e9concilie corps et esprit par l\u2019\u00e9tirement des m\u00e9ridiens et la pression de points d\u2019acupuncture bien choisis, pour r\u00e9pondre aux besoins de la personne re\u00e7ue.<br \/>Le Shiatsu se re\u00e7oit habill\u00e9 de v\u00eatements souples sur un futon. On ne retire que chaussures et ceinture.<\/span><\/p><ul><li><span style=\"font-family: 'Arial',sans-serif;\">Le Shiatsu\u2026 c\u2019est pour qui ?<\/span><\/li><\/ul><p><strong><span style=\"font-size: 10.5pt; font-family: 'Arial',sans-serif;\">Reconnu au Japon<\/span><\/strong><span style=\"font-size: 10.5pt; font-family: 'Arial',sans-serif;\"> comme <strong><span style=\"font-family: 'Arial',sans-serif;\">m\u00e9decine compl\u00e9mentaire<\/span><\/strong>, il aide les personnes \u00e0 reprendre contact avec leur corps, leurs sensations, l\u00e2cher le mental, les armes, le temps d\u2019un repos trop longtemps report\u00e9 \u00e0 plus tard.<br \/>Ce temps de reconnexion permet, par la <strong><span style=\"font-family: 'Arial',sans-serif;\">stimulation des forces d\u2019auto-gu\u00e9rison<\/span><\/strong> de la personne, de <strong><span style=\"font-family: 'Arial',sans-serif;\">soulager des maux chroniques<\/span><\/strong> tels que migraines, douleurs, probl\u00e8mes digestifs, stress chronique, anxi\u00e9t\u00e9, d\u00e9pression, app\u00e9tit ou sommeil d\u00e9r\u00e9gl\u00e9s, sautes d\u2019humeur, perte de sens,\u2026<br \/>Chez la personne en <strong><span style=\"font-family: 'Arial',sans-serif;\">bonne sant\u00e9<\/span><\/strong>, elle trouve \u00e9galement tout son sens, \u00e9tant vue au Japon comme une m\u00e9decine essentiellement pr\u00e9ventive. Ainsi, les japonais font-ils un <strong><span style=\"font-family: 'Arial',sans-serif;\"><a href=\"https:\/\/emea01.safelinks.protection.outlook.com\/?url=https%3A%2F%2Fshiatsu-namur.be%2Fservices%2Ftarifs%2F&amp;data=05%7C02%7C%7C6fc3b0931b904f008ff208dde73cfaf1%7C84df9e7fe9f640afb435aaaaaaaaaaaa%7C1%7C0%7C638920971270105793%7CUnknown%7CTWFpbGZsb3d8eyJFbXB0eU1hcGkiOnRydWUsIlYiOiIwLjAuMDAwMCIsIlAiOiJXaW4zMiIsIkFOIjoiTWFpbCIsIldUIjoyfQ%3D%3D%7C0%7C%7C%7C&amp;sdata=y3EJe6yQSYRTJR7mxyHwFd8%2BZ72s6Bpi%2Bt%2BBRlHDd4E%3D&amp;reserved=0\" target=\"_blank\" rel=\"noopener\">entretien r\u00e9gulier<\/a><\/span><\/strong> afin d\u2019\u00e9viter de tomber en panne au mauvais moment.<\/span><\/p><ul><li><span style=\"font-family: 'Arial',sans-serif;\">Le Shiatsu p\u00e9rinatal <\/span><\/li><\/ul><p><span style=\"font-size: 10.5pt; font-family: 'Arial',sans-serif;\">Le Shiatsu trouve \u00e9galement tout son sens dans la <strong><span style=\"font-family: 'Arial',sans-serif;\">p\u00e9riode p\u00e9rinatale<\/span><\/strong> par son effet r\u00e9\u00e9quilibrant dans ces p\u00e9riodes de grand changement que sont la grossesse et le post-partum.\u00a0<\/span><\/p><p><strong><span style=\"font-size: 10.5pt; font-family: 'Arial',sans-serif;\">Pendant la grossesse<\/span><\/strong><span style=\"font-size: 10.5pt; font-family: 'Arial',sans-serif;\">, le Shiatsu peut aider \u00e0 adoucir les maux qui y sont li\u00e9s tels que les naus\u00e9es, le reflux gastrique, la constipation, les soucis urinaires, les tensions lombaires, les r\u00e9tentions d\u2019eau,\u2026 Mais pas besoin de vivre des maux de grossesse pour prendre soin de soi et \u00eatre dans les meilleures conditions pour le grand jour.<\/span><\/p><p><strong><span style=\"font-size: 10.5pt; font-family: 'Arial',sans-serif;\">Post-partum<\/span><\/strong><span style=\"font-size: 10.5pt; font-family: 'Arial',sans-serif;\">, le Shiatsu peut aider en cas de fatigue persistante, douleurs lombaires, favoriser le lien avec son enfant, soutenir l\u2019allaitement. Tout simplement s\u2019accorder un temps et un espace de retour \u00e0 soi dans ce nouveau temps o\u00f9 le \u00ab\u00a0une\u00a0\u00bb devient \u00ab\u00a0deux\u00a0\u00bb.<\/span><\/p><p><span style=\"font-size: 10.5pt; font-family: 'Arial',sans-serif;\">Le <strong><span style=\"font-family: 'Arial',sans-serif;\">Baby Shiatsu<\/span><\/strong> soutient \u00e9galement le nouveau-n\u00e9 dans les diff\u00e9rentes \u00e9tapes de ses d\u00e9veloppements moteur et \u00e9nerg\u00e9tique tout en stimulant son immunit\u00e9 par un toucher adapt\u00e9 et bienveillant. En enseignant aux parents des techniques de massage adapt\u00e9es \u00e0 la p\u00e9riode de d\u00e9veloppement lors de ces s\u00e9ances parent(s)-enfant, vous repartirez avec des outils pour accompagner votre tout petit dans son d\u00e9veloppement tout en gagnant en complicit\u00e9.<\/span><\/p>\t\t\t\t\t\t\t\t<\/div>\n\t\t\t\t<\/div>\n\t\t\t\t<div class=\"elementor-element elementor-element-f819768 elementor-align-center elementor-widget elementor-widget-button\" data-id=\"f819768\" data-element_type=\"widget\" data-e-type=\"widget\" data-widget_type=\"button.default\">\n\t\t\t\t<div class=\"elementor-widget-container\">\n\t\t\t\t\t\t\t\t\t<div class=\"elementor-button-wrapper\">\n\t\t\t\t\t<a class=\"elementor-button elementor-button-link elementor-size-sm\" href=\"https:\/\/shiatsu-namur.be\/\">\n\t\t\t\t\t\t<span class=\"elementor-button-content-wrapper\">\n\t\t\t\t\t\t\t\t\t<span class=\"elementor-button-text\">Jean Philippe Cr\u00e8vecoeur<\/span>\n\t\t\t\t\t<\/span>\n\t\t\t\t\t<\/a>\n\t\t\t\t<\/div>\n\t\t\t\t\t\t\t\t<\/div>\n\t\t\t\t<\/div>\n\t\t\t\t\t<\/div>\n\t\t<\/div>\n\t\t\t\t\t<\/div>\n\t\t<\/section>\n\t\t\t\t<\/div>\n\t\t","protected":false},"excerpt":{"rendered":"<p>Haptonomie La pr\u00e9paration affective \u00e0 la naissance est une m\u00e9thode de pr\u00e9paration \u00e0 l\u2019accouchement issue de l\u2019haptonomie (\u00e9cole belge de l\u2019haptonomie). Elle propose un accompagnement de b\u00e9b\u00e9 et ses parents d\u00e8s le d\u00e9but du 2\u00e8me trimestre de la grossesse. Elle est bas\u00e9e sur la relation entre les trois acteurs (papa, maman et b\u00e9b\u00e9) et favorise [&hellip;]<\/p>\n","protected":false},"author":1,"featured_media":0,"parent":0,"menu_order":0,"comment_status":"closed","ping_status":"closed","template":"","meta":{"ocean_post_layout":"","ocean_both_sidebars_style":"","ocean_both_sidebars_content_width":0,"ocean_both_sidebars_sidebars_width":0,"ocean_sidebar":"","ocean_second_sidebar":"","ocean_disable_margins":"enable","ocean_add_body_class":"","ocean_shortcode_before_top_bar":"","ocean_shortcode_after_top_bar":"","ocean_shortcode_before_header":"","ocean_shortcode_after_header":"","ocean_has_shortcode":"","ocean_shortcode_after_title":"","ocean_shortcode_before_footer_widgets":"","ocean_shortcode_after_footer_widgets":"","ocean_shortcode_before_footer_bottom":"","ocean_shortcode_after_footer_bottom":"","ocean_display_top_bar":"default","ocean_display_header":"default","ocean_header_style":"","ocean_center_header_left_menu":"","ocean_custom_header_template":"","ocean_custom_logo":0,"ocean_custom_retina_logo":0,"ocean_custom_logo_max_width":0,"ocean_custom_logo_tablet_max_width":0,"ocean_custom_logo_mobile_max_width":0,"ocean_custom_logo_max_height":0,"ocean_custom_logo_tablet_max_height":0,"ocean_custom_logo_mobile_max_height":0,"ocean_header_custom_menu":"","ocean_menu_typo_font_family":"","ocean_menu_typo_font_subset":"","ocean_menu_typo_font_size":0,"ocean_menu_typo_font_size_tablet":0,"ocean_menu_typo_font_size_mobile":0,"ocean_menu_typo_font_size_unit":"px","ocean_menu_typo_font_weight":"","ocean_menu_typo_font_weight_tablet":"","ocean_menu_typo_font_weight_mobile":"","ocean_menu_typo_transform":"","ocean_menu_typo_transform_tablet":"","ocean_menu_typo_transform_mobile":"","ocean_menu_typo_line_height":0,"ocean_menu_typo_line_height_tablet":0,"ocean_menu_typo_line_height_mobile":0,"ocean_menu_typo_line_height_unit":"","ocean_menu_typo_spacing":0,"ocean_menu_typo_spacing_tablet":0,"ocean_menu_typo_spacing_mobile":0,"ocean_menu_typo_spacing_unit":"","ocean_menu_link_color":"","ocean_menu_link_color_hover":"","ocean_menu_link_color_active":"","ocean_menu_link_background":"","ocean_menu_link_hover_background":"","ocean_menu_link_active_background":"","ocean_menu_social_links_bg":"","ocean_menu_social_hover_links_bg":"","ocean_menu_social_links_color":"","ocean_menu_social_hover_links_color":"","ocean_disable_title":"default","ocean_disable_heading":"default","ocean_post_title":"","ocean_post_subheading":"","ocean_post_title_style":"","ocean_post_title_background_color":"","ocean_post_title_background":0,"ocean_post_title_bg_image_position":"","ocean_post_title_bg_image_attachment":"","ocean_post_title_bg_image_repeat":"","ocean_post_title_bg_image_size":"","ocean_post_title_height":0,"ocean_post_title_bg_overlay":0.5,"ocean_post_title_bg_overlay_color":"","ocean_disable_breadcrumbs":"default","ocean_breadcrumbs_color":"","ocean_breadcrumbs_separator_color":"","ocean_breadcrumbs_links_color":"","ocean_breadcrumbs_links_hover_color":"","ocean_display_footer_widgets":"default","ocean_display_footer_bottom":"default","ocean_custom_footer_template":"","_themeisle_gutenberg_block_has_review":false,"footnotes":""},"class_list":["post-517","page","type-page","status-publish","hentry","entry"],"_links":{"self":[{"href":"https:\/\/odisis.be\/index.php?rest_route=\/wp\/v2\/pages\/517","targetHints":{"allow":["GET"]}}],"collection":[{"href":"https:\/\/odisis.be\/index.php?rest_route=\/wp\/v2\/pages"}],"about":[{"href":"https:\/\/odisis.be\/index.php?rest_route=\/wp\/v2\/types\/page"}],"author":[{"embeddable":true,"href":"https:\/\/odisis.be\/index.php?rest_route=\/wp\/v2\/users\/1"}],"replies":[{"embeddable":true,"href":"https:\/\/odisis.be\/index.php?rest_route=%2Fwp%2Fv2%2Fcomments&post=517"}],"version-history":[{"count":49,"href":"https:\/\/odisis.be\/index.php?rest_route=\/wp\/v2\/pages\/517\/revisions"}],"predecessor-version":[{"id":2323,"href":"https:\/\/odisis.be\/index.php?rest_route=\/wp\/v2\/pages\/517\/revisions\/2323"}],"wp:attachment":[{"href":"https:\/\/odisis.be\/index.php?rest_route=%2Fwp%2Fv2%2Fmedia&parent=517"}],"curies":[{"name":"wp","href":"https:\/\/api.w.org\/{rel}","templated":true}]}}