{"id":855,"date":"2021-02-18T14:01:40","date_gmt":"2021-02-18T13:01:40","guid":{"rendered":"https:\/\/odisis.be\/?page_id=855"},"modified":"2025-06-05T15:58:16","modified_gmt":"2025-06-05T13:58:16","slug":"oceane-neiva","status":"publish","type":"page","link":"https:\/\/odisis.be\/?page_id=855","title":{"rendered":"Oc\u00e9ane Neiva"},"content":{"rendered":"\t\t<div data-elementor-type=\"wp-page\" data-elementor-id=\"855\" class=\"elementor elementor-855\">\n\t\t\t\t\t\t<section class=\"elementor-section elementor-top-section elementor-element elementor-element-6488a4e6 elementor-section-boxed elementor-section-height-default elementor-section-height-default\" data-id=\"6488a4e6\" data-element_type=\"section\" data-e-type=\"section\">\n\t\t\t\t\t\t<div class=\"elementor-container elementor-column-gap-default\">\n\t\t\t\t\t<div class=\"elementor-column elementor-col-100 elementor-top-column elementor-element elementor-element-399c6dd2\" data-id=\"399c6dd2\" data-element_type=\"column\" data-e-type=\"column\">\n\t\t\t<div class=\"elementor-widget-wrap elementor-element-populated\">\n\t\t\t\t\t\t<div class=\"elementor-element elementor-element-1cc40a8c elementor-widget elementor-widget-text-editor\" data-id=\"1cc40a8c\" data-element_type=\"widget\" data-e-type=\"widget\" data-widget_type=\"text-editor.default\">\n\t\t\t\t<div class=\"elementor-widget-container\">\n\t\t\t\t\t\t\t\t\t\n<div class=\"wp-block-themeisle-blocks-advanced-columns has-undefined-columns has-desktop-undefined-layout has-tablet-equal-layout has-mobile-equal-layout has-default-gap has-vertical-unset\" id=\"wp-block-themeisle-blocks-advanced-columns-6bb35bfc\"><div class=\"wp-block-themeisle-blocks-advanced-columns-overlay\"><\/div><div class=\"innerblocks-wrap\"><\/div><\/div>\n\t\t\t\t\t\t\t\t<\/div>\n\t\t\t\t<\/div>\n\t\t\t\t\t<\/div>\n\t\t<\/div>\n\t\t\t\t\t<\/div>\n\t\t<\/section>\n\t\t\t\t<section class=\"elementor-section elementor-top-section elementor-element elementor-element-79fa1ab elementor-section-boxed elementor-section-height-default elementor-section-height-default\" data-id=\"79fa1ab\" data-element_type=\"section\" data-e-type=\"section\">\n\t\t\t\t\t\t<div class=\"elementor-container elementor-column-gap-default\">\n\t\t\t\t\t<div class=\"elementor-column elementor-col-100 elementor-top-column elementor-element elementor-element-ca4a61f\" data-id=\"ca4a61f\" data-element_type=\"column\" data-e-type=\"column\">\n\t\t\t<div class=\"elementor-widget-wrap elementor-element-populated\">\n\t\t\t\t\t\t<div class=\"elementor-element elementor-element-bda1b65 elementor-widget elementor-widget-text-editor\" data-id=\"bda1b65\" data-element_type=\"widget\" data-e-type=\"widget\" data-widget_type=\"text-editor.default\">\n\t\t\t\t<div class=\"elementor-widget-container\">\n\t\t\t\t\t\t\t\t\t<p>Je m\u2019appelle Oc\u00e9ane, je suis Kin\u00e9sith\u00e9rapeute sp\u00e9cialis\u00e9e depuis 2018 en p\u00e9rin\u00e9ologie, je travaille essentiellement dans ce domaine.<br \/><br \/><\/p>\n<p>La kin\u00e9sith\u00e9rapie en pelvi-p\u00e9rin\u00e9ologie est pratiqu\u00e9\u00a0:<\/p>\n<p><u>En postnatal<\/u>:<\/p>\n<p>Que soit suite \u00e0 un accouchement par c\u00e9sarienne ou par voie basse. La grossesse et l\u2019accouchement ont un impact important sur le corps (sangle abdominale) et plus particuli\u00e8rement sur le p\u00e9rin\u00e9e, il est donc chaudement recommander de r\u00e9aliser sa r\u00e9\u00e9ducation. Les s\u00e9ances commencent habituellement 6 semaines apr\u00e8s l\u2019accouchement et m\u00eame bien apr\u00e8s (il n\u2019est jamais trop tard).<\/p>\n<p><u>Et dans le traitement des troubles du plancher pelvien tels que\u00a0:<\/u><\/p>\n<ul>\n<li><strong>Incontinence (fuite) urinaire :\u00a0<\/strong>perte involontaire d\u2019urine lors d\u2019un effort physique (<em>toux, \u00e9ternuement, saut, sport, port de charge, etc.<\/em>) ou d\u00fb \u00e0 une envie incontr\u00f4lable d\u2019uriner entrainant parfois des fuites<\/li>\n<li><strong>Incontinence f\u00e9cale\u00a0<\/strong>: perte involontaire de selles ou de gaz<\/li>\n<li><strong>Constipation et ballonnements<\/strong><\/li>\n<li><strong>Pr\u00e9vention et soulagement des sympt\u00f4mes du prolapsus g\u00e9nital<\/strong><\/li>\n<li><strong>Douleur pelvienne<\/strong>(ex: cicatrice) et <strong>Douleurs anales <\/strong>(ex: h\u00e9morro\u00efdes)<\/li>\n<li><strong>Dysfonctions sexuelles<\/strong>: dyspareunie (<em>douleur pendant les rapports sexuels<\/em>), vaginisme\u00a0<em>(contractions involontaires des muscles vaginaux emp\u00eachant la p\u00e9n\u00e9tration<\/em>), ou baisse de sensation.<\/li>\n<\/ul>\n<p><strong><u>D\u00e9roulement de la prise en charge\u00a0:<\/u><\/strong><\/p>\n<ul>\n<li><strong>La premi\u00e8re s\u00e9ance (45min)\u00a0: <\/strong>consiste \u00e0 r\u00e9aliser une anamn\u00e8se compl\u00e8te mais \u00e9galement vous expliquer l\u2019anatomie du plancher pelvien et le d\u00e9roulement la prise en charge.<\/li>\n<li><strong>La deuxi\u00e8me s\u00e9ance (30min)\u00a0: <\/strong>consiste \u00e0 r\u00e9aliser un toucher vaginal permettant d\u2019\u00e9valuer les muscles du plancher pelvien.<\/li>\n<li><strong>De la 3<sup>\u00e8me<\/sup> \u00e0 9\/18<sup>\u00e8me<\/sup> s\u00e9ances (30min)\u00a0:<\/strong> consiste \u00e0 r\u00e9aliser diff\u00e9rents exercices (avec ou sans biofeedback et abdominaux hypopressifs).<\/li>\n<\/ul>\t\t\t\t\t\t\t\t<\/div>\n\t\t\t\t<\/div>\n\t\t\t\t<div class=\"elementor-element elementor-element-58f4d12 elementor-widget-divider--view-line elementor-widget elementor-widget-divider\" data-id=\"58f4d12\" data-element_type=\"widget\" data-e-type=\"widget\" data-widget_type=\"divider.default\">\n\t\t\t\t<div class=\"elementor-widget-container\">\n\t\t\t\t\t\t\t<div class=\"elementor-divider\">\n\t\t\t<span class=\"elementor-divider-separator\">\n\t\t\t\t\t\t<\/span>\n\t\t<\/div>\n\t\t\t\t\t\t<\/div>\n\t\t\t\t<\/div>\n\t\t\t\t\t<\/div>\n\t\t<\/div>\n\t\t\t\t\t<\/div>\n\t\t<\/section>\n\t\t\t\t<section class=\"elementor-section elementor-top-section elementor-element elementor-element-7e73d9d elementor-section-boxed elementor-section-height-default elementor-section-height-default\" data-id=\"7e73d9d\" data-element_type=\"section\" data-e-type=\"section\">\n\t\t\t\t\t\t<div class=\"elementor-container elementor-column-gap-default\">\n\t\t\t\t\t<div class=\"elementor-column elementor-col-100 elementor-top-column elementor-element elementor-element-4c493ef\" data-id=\"4c493ef\" data-element_type=\"column\" data-e-type=\"column\">\n\t\t\t<div class=\"elementor-widget-wrap elementor-element-populated\">\n\t\t\t\t\t\t<div class=\"elementor-element elementor-element-850c1ec elementor-widget elementor-widget-text-editor\" data-id=\"850c1ec\" data-element_type=\"widget\" data-e-type=\"widget\" data-widget_type=\"text-editor.default\">\n\t\t\t\t<div class=\"elementor-widget-container\">\n\t\t\t\t\t\t\t\t\t<p style=\"text-align: center;\">Prise de rendez-vous au <strong>0497 \/ 26 59 31<\/strong><\/p>\t\t\t\t\t\t\t\t<\/div>\n\t\t\t\t<\/div>\n\t\t\t\t\t<\/div>\n\t\t<\/div>\n\t\t\t\t\t<\/div>\n\t\t<\/section>\n\t\t\t\t<\/div>\n\t\t","protected":false},"excerpt":{"rendered":"<p>Je m\u2019appelle Oc\u00e9ane, je suis Kin\u00e9sith\u00e9rapeute sp\u00e9cialis\u00e9e depuis 2018 en p\u00e9rin\u00e9ologie, je travaille essentiellement dans ce domaine. La kin\u00e9sith\u00e9rapie en pelvi-p\u00e9rin\u00e9ologie est pratiqu\u00e9\u00a0: En postnatal: Que soit suite \u00e0 un accouchement par c\u00e9sarienne ou par voie basse. La grossesse et l\u2019accouchement ont un impact important sur le corps (sangle abdominale) et plus particuli\u00e8rement sur le [&hellip;]<\/p>\n","protected":false},"author":2,"featured_media":0,"parent":0,"menu_order":0,"comment_status":"closed","ping_status":"closed","template":"","meta":{"ocean_post_layout":"","ocean_both_sidebars_style":"","ocean_both_sidebars_content_width":0,"ocean_both_sidebars_sidebars_width":0,"ocean_sidebar":"0","ocean_second_sidebar":"0","ocean_disable_margins":"enable","ocean_add_body_class":"","ocean_shortcode_before_top_bar":"","ocean_shortcode_after_top_bar":"","ocean_shortcode_before_header":"","ocean_shortcode_after_header":"","ocean_has_shortcode":"","ocean_shortcode_after_title":"","ocean_shortcode_before_footer_widgets":"","ocean_shortcode_after_footer_widgets":"","ocean_shortcode_before_footer_bottom":"","ocean_shortcode_after_footer_bottom":"","ocean_display_top_bar":"default","ocean_display_header":"default","ocean_header_style":"","ocean_center_header_left_menu":"0","ocean_custom_header_template":"0","ocean_custom_logo":0,"ocean_custom_retina_logo":0,"ocean_custom_logo_max_width":0,"ocean_custom_logo_tablet_max_width":0,"ocean_custom_logo_mobile_max_width":0,"ocean_custom_logo_max_height":0,"ocean_custom_logo_tablet_max_height":0,"ocean_custom_logo_mobile_max_height":0,"ocean_header_custom_menu":"0","ocean_menu_typo_font_family":"0","ocean_menu_typo_font_subset":"","ocean_menu_typo_font_size":0,"ocean_menu_typo_font_size_tablet":0,"ocean_menu_typo_font_size_mobile":0,"ocean_menu_typo_font_size_unit":"px","ocean_menu_typo_font_weight":"","ocean_menu_typo_font_weight_tablet":"","ocean_menu_typo_font_weight_mobile":"","ocean_menu_typo_transform":"","ocean_menu_typo_transform_tablet":"","ocean_menu_typo_transform_mobile":"","ocean_menu_typo_line_height":0,"ocean_menu_typo_line_height_tablet":0,"ocean_menu_typo_line_height_mobile":0,"ocean_menu_typo_line_height_unit":"","ocean_menu_typo_spacing":0,"ocean_menu_typo_spacing_tablet":0,"ocean_menu_typo_spacing_mobile":0,"ocean_menu_typo_spacing_unit":"","ocean_menu_link_color":"","ocean_menu_link_color_hover":"","ocean_menu_link_color_active":"","ocean_menu_link_background":"","ocean_menu_link_hover_background":"","ocean_menu_link_active_background":"","ocean_menu_social_links_bg":"","ocean_menu_social_hover_links_bg":"","ocean_menu_social_links_color":"","ocean_menu_social_hover_links_color":"","ocean_disable_title":"default","ocean_disable_heading":"default","ocean_post_title":"","ocean_post_subheading":"","ocean_post_title_style":"","ocean_post_title_background_color":"","ocean_post_title_background":0,"ocean_post_title_bg_image_position":"","ocean_post_title_bg_image_attachment":"","ocean_post_title_bg_image_repeat":"","ocean_post_title_bg_image_size":"","ocean_post_title_height":0,"ocean_post_title_bg_overlay":0.5,"ocean_post_title_bg_overlay_color":"","ocean_disable_breadcrumbs":"default","ocean_breadcrumbs_color":"","ocean_breadcrumbs_separator_color":"","ocean_breadcrumbs_links_color":"","ocean_breadcrumbs_links_hover_color":"","ocean_display_footer_widgets":"default","ocean_display_footer_bottom":"default","ocean_custom_footer_template":"0","_themeisle_gutenberg_block_has_review":false,"footnotes":""},"class_list":["post-855","page","type-page","status-publish","hentry","entry"],"_links":{"self":[{"href":"https:\/\/odisis.be\/index.php?rest_route=\/wp\/v2\/pages\/855","targetHints":{"allow":["GET"]}}],"collection":[{"href":"https:\/\/odisis.be\/index.php?rest_route=\/wp\/v2\/pages"}],"about":[{"href":"https:\/\/odisis.be\/index.php?rest_route=\/wp\/v2\/types\/page"}],"author":[{"embeddable":true,"href":"https:\/\/odisis.be\/index.php?rest_route=\/wp\/v2\/users\/2"}],"replies":[{"embeddable":true,"href":"https:\/\/odisis.be\/index.php?rest_route=%2Fwp%2Fv2%2Fcomments&post=855"}],"version-history":[{"count":20,"href":"https:\/\/odisis.be\/index.php?rest_route=\/wp\/v2\/pages\/855\/revisions"}],"predecessor-version":[{"id":2316,"href":"https:\/\/odisis.be\/index.php?rest_route=\/wp\/v2\/pages\/855\/revisions\/2316"}],"wp:attachment":[{"href":"https:\/\/odisis.be\/index.php?rest_route=%2Fwp%2Fv2%2Fmedia&parent=855"}],"curies":[{"name":"wp","href":"https:\/\/api.w.org\/{rel}","templated":true}]}}